{"id":5245,"date":"2021-06-02T07:14:32","date_gmt":"2021-06-02T05:14:32","guid":{"rendered":"https:\/\/atelier-dinanderie.com\/?page_id=5245"},"modified":"2021-06-02T07:18:50","modified_gmt":"2021-06-02T05:18:50","slug":"elementor-5245","status":"publish","type":"page","link":"https:\/\/atelier-dinanderie.com\/index.php\/elementor-5245\/","title":{"rendered":"Mentions l\u00e9gales"},"content":{"rendered":"\t\t<div data-elementor-type=\"wp-page\" data-elementor-id=\"5245\" class=\"elementor elementor-5245\">\n\t\t\t\t\t\t<div class=\"elementor-inner\">\n\t\t\t\t<div class=\"elementor-section-wrap\">\n\t\t\t\t\t\t\t\t\t<section class=\"elementor-section elementor-top-section elementor-element elementor-element-572396e elementor-section-boxed elementor-section-height-default elementor-section-height-default\" data-id=\"572396e\" data-element_type=\"section\" data-settings=\"{&quot;architecturer_ext_is_background_parallax&quot;:&quot;false&quot;,&quot;architecturer_ext_is_background_on_scroll&quot;:&quot;false&quot;}\">\n\t\t\t\t\t\t<div class=\"elementor-container elementor-column-gap-default\">\n\t\t\t\t\t\t\t<div class=\"elementor-row\">\n\t\t\t\t\t<div class=\"elementor-column elementor-col-100 elementor-top-column elementor-element elementor-element-616967b\" data-id=\"616967b\" data-element_type=\"column\" data-settings=\"{&quot;architecturer_ext_is_mobile_menu&quot;:&quot;false&quot;,&quot;architecturer_ext_is_scrollme&quot;:&quot;false&quot;,&quot;architecturer_ext_is_smoove&quot;:&quot;false&quot;,&quot;architecturer_ext_is_parallax_mouse&quot;:&quot;false&quot;,&quot;architecturer_ext_is_infinite&quot;:&quot;false&quot;,&quot;architecturer_ext_is_fadeout_animation&quot;:&quot;false&quot;}\">\n\t\t\t<div class=\"elementor-column-wrap elementor-element-populated\">\n\t\t\t\t\t\t\t<div class=\"elementor-widget-wrap\">\n\t\t\t\t\t\t<div class=\"elementor-element elementor-element-9a37557 elementor-widget elementor-widget-text-editor\" data-id=\"9a37557\" data-element_type=\"widget\" data-settings=\"{&quot;architecturer_ext_is_mobile_menu&quot;:&quot;false&quot;,&quot;architecturer_ext_is_scrollme&quot;:&quot;false&quot;,&quot;architecturer_ext_is_smoove&quot;:&quot;false&quot;,&quot;architecturer_ext_is_parallax_mouse&quot;:&quot;false&quot;,&quot;architecturer_ext_is_infinite&quot;:&quot;false&quot;,&quot;architecturer_ext_is_fadeout_animation&quot;:&quot;false&quot;}\" data-widget_type=\"text-editor.default\">\n\t\t\t\t<div class=\"elementor-widget-container\">\n\t\t\t\t\t\t\t\t<div class=\"elementor-text-editor elementor-clearfix\">\n\t\t\t\t<p><strong>MENTIONS L\u00c9GALES <\/strong><br>Conform\u00e9ment aux dispositions de la loi n\u00b0 2004-575 du 21 juin 2004 pour la confiance en l\u2019\u00e9conomie num\u00e9rique, il est pr\u00e9cis\u00e9 aux utilisateurs du site Atelier Dinanderie, l\u2019identit\u00e9 des diff\u00e9rents intervenants dans le cadre de sa r\u00e9alisation et de son suivi.<\/p>\n<p><strong>Edition du site<\/strong><br>Le site atelier-dinanderie.com est \u00e9dit\u00e9 par la soci\u00e9t\u00e9 Atelier Dinanderie, dont le si\u00e8ge social est situ\u00e9 \u00e0 Rouen (76).<\/p>\n<p><strong>Responsable de publication<\/strong><br>Mme Anissa Hammiche<br><\/p>\n<p><strong>H\u00e9bergeur<\/strong><br>Le site atelier-dinanderie.com est h\u00e9berg\u00e9 par la soci\u00e9t\u00e9 OVH SAS<br>Si\u00e8ge social : 2 rue Kellermann \u2013 59100 Roubaix \u2013 France<\/p>\n<p><strong>Nous contacter<\/strong><br>Par email : hello@atelier-dinanderie.com<\/p>\n<p>Conform\u00e9ment aux dispositions de la loi 78-17 du 6 janvier 1978 modifi\u00e9e, l\u2019Utilisateur dispose d\u2019un droit d\u2019acc\u00e8s, de modification et de suppression des informations collect\u00e9es par Atelier Dinanderie. Pour exercer ce droit, il reviendra \u00e0 l\u2019Utilisateur d\u2019envoyer un message \u00e0 l\u2019adresse suivante : hello@atelier-dinanderie.com<\/p>\n<p><strong>Qui sommes-nous&nbsp;?<\/strong><br>L\u2019adresse de notre site web est&nbsp;: https:\/\/atelier-dinanderie.com<\/p>\t\t\t\t\t<\/div>\n\t\t\t\t\t\t<\/div>\n\t\t\t\t<\/div>\n\t\t\t\t\t\t<\/div>\n\t\t\t\t\t<\/div>\n\t\t<\/div>\n\t\t\t\t\t\t\t\t<\/div>\n\t\t\t\t\t<\/div>\n\t\t<\/section>\n\t\t\t\t\t\t\t\t\t<\/div>\n\t\t\t<\/div>\n\t\t\t\t\t<\/div>\n\t\t","protected":false},"excerpt":{"rendered":"<p>MENTIONS L\u00c9GALES Conform\u00e9ment aux dispositions de la loi n\u00b0 2004-575 du 21 juin 2004 pour la confiance en l\u2019\u00e9conomie num\u00e9rique, il est pr\u00e9cis\u00e9 aux utilisateurs du site Atelier Dinanderie, l\u2019identit\u00e9 des diff\u00e9rents intervenants dans le cadre de sa r\u00e9alisation et [&hellip;]<\/p>\n","protected":false},"author":1,"featured_media":0,"parent":0,"menu_order":0,"comment_status":"closed","ping_status":"closed","template":"","meta":[],"yoast_head":"<!-- This site is optimized with the Yoast SEO plugin v19.5.1 - https:\/\/yoast.com\/wordpress\/plugins\/seo\/ -->\n<title>Mentions l\u00e9gales - Architecture int\u00e9rieure, d\u00e9coration et r\u00e9novation \u00e0 Rouen en Normandie (76) Atelier Dinanderie - Anissa B. Artiste, Architecte et D\u00e9coratrice<\/title>\n<meta name=\"robots\" content=\"index, follow, max-snippet:-1, max-image-preview:large, max-video-preview:-1\" \/>\n<link rel=\"canonical\" href=\"https:\/\/atelier-dinanderie.com\/index.php\/elementor-5245\/\" \/>\n<meta property=\"og:locale\" content=\"fr_FR\" \/>\n<meta property=\"og:type\" content=\"article\" \/>\n<meta property=\"og:title\" content=\"Mentions l\u00e9gales - Architecture int\u00e9rieure, d\u00e9coration et r\u00e9novation \u00e0 Rouen en Normandie (76) Atelier Dinanderie - Anissa B. Artiste, Architecte et D\u00e9coratrice\" \/>\n<meta property=\"og:description\" content=\"MENTIONS L\u00c9GALES Conform\u00e9ment aux dispositions de la loi n\u00b0 2004-575 du 21 juin 2004 pour la confiance en l\u2019\u00e9conomie num\u00e9rique, il est pr\u00e9cis\u00e9 aux utilisateurs du site Atelier Dinanderie, l\u2019identit\u00e9 des diff\u00e9rents intervenants dans le cadre de sa r\u00e9alisation et [&hellip;]\" \/>\n<meta property=\"og:url\" content=\"https:\/\/atelier-dinanderie.com\/index.php\/elementor-5245\/\" \/>\n<meta property=\"og:site_name\" content=\"Architecture int\u00e9rieure, d\u00e9coration et r\u00e9novation \u00e0 Rouen en Normandie (76) Atelier Dinanderie - Anissa B. Artiste, Architecte et D\u00e9coratrice\" \/>\n<meta property=\"article:modified_time\" content=\"2021-06-02T05:18:50+00:00\" \/>\n<meta name=\"twitter:card\" content=\"summary_large_image\" \/>\n<meta name=\"twitter:label1\" content=\"Dur\u00e9e de lecture estim\u00e9e\" \/>\n\t<meta name=\"twitter:data1\" content=\"1 minute\" \/>\n<script type=\"application\/ld+json\" class=\"yoast-schema-graph\">{\"@context\":\"https:\/\/schema.org\",\"@graph\":[{\"@type\":\"WebPage\",\"@id\":\"https:\/\/atelier-dinanderie.com\/index.php\/elementor-5245\/\",\"url\":\"https:\/\/atelier-dinanderie.com\/index.php\/elementor-5245\/\",\"name\":\"Mentions l\u00e9gales - Architecture int\u00e9rieure, d\u00e9coration et r\u00e9novation \u00e0 Rouen en Normandie (76) Atelier Dinanderie - Anissa B. Artiste, Architecte et D\u00e9coratrice\",\"isPartOf\":{\"@id\":\"https:\/\/atelier-dinanderie.com\/#website\"},\"datePublished\":\"2021-06-02T05:14:32+00:00\",\"dateModified\":\"2021-06-02T05:18:50+00:00\",\"breadcrumb\":{\"@id\":\"https:\/\/atelier-dinanderie.com\/index.php\/elementor-5245\/#breadcrumb\"},\"inLanguage\":\"fr-FR\",\"potentialAction\":[{\"@type\":\"ReadAction\",\"target\":[\"https:\/\/atelier-dinanderie.com\/index.php\/elementor-5245\/\"]}]},{\"@type\":\"BreadcrumbList\",\"@id\":\"https:\/\/atelier-dinanderie.com\/index.php\/elementor-5245\/#breadcrumb\",\"itemListElement\":[{\"@type\":\"ListItem\",\"position\":1,\"name\":\"Accueil\",\"item\":\"https:\/\/atelier-dinanderie.com\/\"},{\"@type\":\"ListItem\",\"position\":2,\"name\":\"Mentions l\u00e9gales\"}]},{\"@type\":\"WebSite\",\"@id\":\"https:\/\/atelier-dinanderie.com\/#website\",\"url\":\"https:\/\/atelier-dinanderie.com\/\",\"name\":\"Architecture int\u00e9rieure, d\u00e9coration et r\u00e9novation \u00e0 Rouen en Normandie (76) Atelier Dinanderie - Anissa B. Artiste, Architecte et D\u00e9coratrice\",\"description\":\"Atelier Dinanderie \u00e0 Rouen (76), votre architecte d\u2019int\u00e9rieur pour une d\u00e9coration contemporaine ou classique, sp\u00e9cialiste des travaux de r\u00e9novation d\u2019int\u00e9rieur, am\u00e9nagement int\u00e9rieur, agencement de votre espace de vie (maison ou appartement) en Normandie, Seine-Maritime.\",\"publisher\":{\"@id\":\"https:\/\/atelier-dinanderie.com\/#organization\"},\"potentialAction\":[{\"@type\":\"SearchAction\",\"target\":{\"@type\":\"EntryPoint\",\"urlTemplate\":\"https:\/\/atelier-dinanderie.com\/?s={search_term_string}\"},\"query-input\":\"required name=search_term_string\"}],\"inLanguage\":\"fr-FR\"},{\"@type\":\"Organization\",\"@id\":\"https:\/\/atelier-dinanderie.com\/#organization\",\"name\":\"Atelier Dinanderie - Architecte d'int\u00e9rieur\",\"url\":\"https:\/\/atelier-dinanderie.com\/\",\"sameAs\":[],\"logo\":{\"@type\":\"ImageObject\",\"inLanguage\":\"fr-FR\",\"@id\":\"https:\/\/atelier-dinanderie.com\/#\/schema\/logo\/image\/\",\"url\":\"https:\/\/atelier-dinanderie.com\/wp-content\/uploads\/2019\/09\/Atelier-Dinanderie_Architecture_Interieure.jpg\",\"contentUrl\":\"https:\/\/atelier-dinanderie.com\/wp-content\/uploads\/2019\/09\/Atelier-Dinanderie_Architecture_Interieure.jpg\",\"width\":346,\"height\":74,\"caption\":\"Atelier Dinanderie - Architecte d'int\u00e9rieur\"},\"image\":{\"@id\":\"https:\/\/atelier-dinanderie.com\/#\/schema\/logo\/image\/\"}}]}<\/script>\n<!-- \/ Yoast SEO plugin. -->","yoast_head_json":{"title":"Mentions l\u00e9gales - Architecture int\u00e9rieure, d\u00e9coration et r\u00e9novation \u00e0 Rouen en Normandie (76) Atelier Dinanderie - Anissa B. Artiste, Architecte et D\u00e9coratrice","robots":{"index":"index","follow":"follow","max-snippet":"max-snippet:-1","max-image-preview":"max-image-preview:large","max-video-preview":"max-video-preview:-1"},"canonical":"https:\/\/atelier-dinanderie.com\/index.php\/elementor-5245\/","og_locale":"fr_FR","og_type":"article","og_title":"Mentions l\u00e9gales - Architecture int\u00e9rieure, d\u00e9coration et r\u00e9novation \u00e0 Rouen en Normandie (76) Atelier Dinanderie - Anissa B. Artiste, Architecte et D\u00e9coratrice","og_description":"MENTIONS L\u00c9GALES Conform\u00e9ment aux dispositions de la loi n\u00b0 2004-575 du 21 juin 2004 pour la confiance en l\u2019\u00e9conomie num\u00e9rique, il est pr\u00e9cis\u00e9 aux utilisateurs du site Atelier Dinanderie, l\u2019identit\u00e9 des diff\u00e9rents intervenants dans le cadre de sa r\u00e9alisation et [&hellip;]","og_url":"https:\/\/atelier-dinanderie.com\/index.php\/elementor-5245\/","og_site_name":"Architecture int\u00e9rieure, d\u00e9coration et r\u00e9novation \u00e0 Rouen en Normandie (76) Atelier Dinanderie - Anissa B. Artiste, Architecte et D\u00e9coratrice","article_modified_time":"2021-06-02T05:18:50+00:00","twitter_card":"summary_large_image","twitter_misc":{"Dur\u00e9e de lecture estim\u00e9e":"1 minute"},"schema":{"@context":"https:\/\/schema.org","@graph":[{"@type":"WebPage","@id":"https:\/\/atelier-dinanderie.com\/index.php\/elementor-5245\/","url":"https:\/\/atelier-dinanderie.com\/index.php\/elementor-5245\/","name":"Mentions l\u00e9gales - Architecture int\u00e9rieure, d\u00e9coration et r\u00e9novation \u00e0 Rouen en Normandie (76) Atelier Dinanderie - Anissa B. Artiste, Architecte et D\u00e9coratrice","isPartOf":{"@id":"https:\/\/atelier-dinanderie.com\/#website"},"datePublished":"2021-06-02T05:14:32+00:00","dateModified":"2021-06-02T05:18:50+00:00","breadcrumb":{"@id":"https:\/\/atelier-dinanderie.com\/index.php\/elementor-5245\/#breadcrumb"},"inLanguage":"fr-FR","potentialAction":[{"@type":"ReadAction","target":["https:\/\/atelier-dinanderie.com\/index.php\/elementor-5245\/"]}]},{"@type":"BreadcrumbList","@id":"https:\/\/atelier-dinanderie.com\/index.php\/elementor-5245\/#breadcrumb","itemListElement":[{"@type":"ListItem","position":1,"name":"Accueil","item":"https:\/\/atelier-dinanderie.com\/"},{"@type":"ListItem","position":2,"name":"Mentions l\u00e9gales"}]},{"@type":"WebSite","@id":"https:\/\/atelier-dinanderie.com\/#website","url":"https:\/\/atelier-dinanderie.com\/","name":"Architecture int\u00e9rieure, d\u00e9coration et r\u00e9novation \u00e0 Rouen en Normandie (76) Atelier Dinanderie - Anissa B. Artiste, Architecte et D\u00e9coratrice","description":"Atelier Dinanderie \u00e0 Rouen (76), votre architecte d\u2019int\u00e9rieur pour une d\u00e9coration contemporaine ou classique, sp\u00e9cialiste des travaux de r\u00e9novation d\u2019int\u00e9rieur, am\u00e9nagement int\u00e9rieur, agencement de votre espace de vie (maison ou appartement) en Normandie, Seine-Maritime.","publisher":{"@id":"https:\/\/atelier-dinanderie.com\/#organization"},"potentialAction":[{"@type":"SearchAction","target":{"@type":"EntryPoint","urlTemplate":"https:\/\/atelier-dinanderie.com\/?s={search_term_string}"},"query-input":"required name=search_term_string"}],"inLanguage":"fr-FR"},{"@type":"Organization","@id":"https:\/\/atelier-dinanderie.com\/#organization","name":"Atelier Dinanderie - Architecte d'int\u00e9rieur","url":"https:\/\/atelier-dinanderie.com\/","sameAs":[],"logo":{"@type":"ImageObject","inLanguage":"fr-FR","@id":"https:\/\/atelier-dinanderie.com\/#\/schema\/logo\/image\/","url":"https:\/\/atelier-dinanderie.com\/wp-content\/uploads\/2019\/09\/Atelier-Dinanderie_Architecture_Interieure.jpg","contentUrl":"https:\/\/atelier-dinanderie.com\/wp-content\/uploads\/2019\/09\/Atelier-Dinanderie_Architecture_Interieure.jpg","width":346,"height":74,"caption":"Atelier Dinanderie - Architecte d'int\u00e9rieur"},"image":{"@id":"https:\/\/atelier-dinanderie.com\/#\/schema\/logo\/image\/"}}]}},"_links":{"self":[{"href":"https:\/\/atelier-dinanderie.com\/index.php\/wp-json\/wp\/v2\/pages\/5245"}],"collection":[{"href":"https:\/\/atelier-dinanderie.com\/index.php\/wp-json\/wp\/v2\/pages"}],"about":[{"href":"https:\/\/atelier-dinanderie.com\/index.php\/wp-json\/wp\/v2\/types\/page"}],"author":[{"embeddable":true,"href":"https:\/\/atelier-dinanderie.com\/index.php\/wp-json\/wp\/v2\/users\/1"}],"replies":[{"embeddable":true,"href":"https:\/\/atelier-dinanderie.com\/index.php\/wp-json\/wp\/v2\/comments?post=5245"}],"version-history":[{"count":0,"href":"https:\/\/atelier-dinanderie.com\/index.php\/wp-json\/wp\/v2\/pages\/5245\/revisions"}],"wp:attachment":[{"href":"https:\/\/atelier-dinanderie.com\/index.php\/wp-json\/wp\/v2\/media?parent=5245"}],"curies":[{"name":"wp","href":"https:\/\/api.w.org\/{rel}","templated":true}]}}