{"id":3058,"date":"2019-06-08T09:33:09","date_gmt":"2019-06-08T07:33:09","guid":{"rendered":"https:\/\/atelier-dinanderie.com\/?page_id=3058"},"modified":"2019-10-04T19:01:55","modified_gmt":"2019-10-04T17:01:55","slug":"architecte-interieur-rouen-cabinet-architecture-interieure-normandie","status":"publish","type":"page","link":"https:\/\/atelier-dinanderie.com\/index.php\/architecte-interieur-rouen-cabinet-architecture-interieure-normandie\/","title":{"rendered":"Architecture"},"content":{"rendered":"\t\t<div data-elementor-type=\"wp-post\" data-elementor-id=\"3058\" class=\"elementor elementor-3058\">\n\t\t\t\t\t\t<div class=\"elementor-inner\">\n\t\t\t\t<div class=\"elementor-section-wrap\">\n\t\t\t\t\t\t\t\t\t<section class=\"elementor-section elementor-top-section elementor-element elementor-element-fe6bb34 elementor-section-stretched elementor-section-boxed elementor-section-height-default elementor-section-height-default\" data-id=\"fe6bb34\" data-element_type=\"section\" data-settings=\"{&quot;stretch_section&quot;:&quot;section-stretched&quot;,&quot;background_background&quot;:&quot;classic&quot;,&quot;architecturer_ext_is_background_parallax&quot;:&quot;false&quot;,&quot;architecturer_ext_is_background_on_scroll&quot;:&quot;false&quot;}\">\n\t\t\t\t\t\t<div class=\"elementor-container elementor-column-gap-default\">\n\t\t\t\t\t\t\t<div class=\"elementor-row\">\n\t\t\t\t\t<div class=\"elementor-column elementor-col-100 elementor-top-column elementor-element elementor-element-c3db2fa\" data-id=\"c3db2fa\" data-element_type=\"column\" data-settings=\"{&quot;architecturer_ext_is_mobile_menu&quot;:&quot;false&quot;,&quot;architecturer_ext_is_scrollme&quot;:&quot;false&quot;,&quot;architecturer_ext_is_smoove&quot;:&quot;false&quot;,&quot;architecturer_ext_is_parallax_mouse&quot;:&quot;false&quot;,&quot;architecturer_ext_is_infinite&quot;:&quot;false&quot;,&quot;architecturer_ext_is_fadeout_animation&quot;:&quot;false&quot;}\">\n\t\t\t<div class=\"elementor-column-wrap elementor-element-populated\">\n\t\t\t\t\t\t\t<div class=\"elementor-widget-wrap\">\n\t\t\t\t\t\t<div class=\"elementor-element elementor-element-2d198d3 animated-fast elementor-invisible elementor-widget elementor-widget-text-editor\" data-id=\"2d198d3\" data-element_type=\"widget\" data-settings=\"{&quot;_animation&quot;:&quot;fadeInUp&quot;,&quot;architecturer_ext_is_mobile_menu&quot;:&quot;false&quot;,&quot;architecturer_ext_is_scrollme&quot;:&quot;false&quot;,&quot;architecturer_ext_is_smoove&quot;:&quot;false&quot;,&quot;architecturer_ext_is_parallax_mouse&quot;:&quot;false&quot;,&quot;architecturer_ext_is_infinite&quot;:&quot;false&quot;,&quot;architecturer_ext_is_fadeout_animation&quot;:&quot;false&quot;}\" data-widget_type=\"text-editor.default\">\n\t\t\t\t<div class=\"elementor-widget-container\">\n\t\t\t\t\t\t\t\t<div class=\"elementor-text-editor elementor-clearfix\">\n\t\t\t\t<p>Vous accompagner<\/p>\t\t\t\t\t<\/div>\n\t\t\t\t\t\t<\/div>\n\t\t\t\t<\/div>\n\t\t\t\t<div class=\"elementor-element elementor-element-17fc4fd animated-fast elementor-invisible elementor-widget elementor-widget-heading\" data-id=\"17fc4fd\" data-element_type=\"widget\" data-settings=\"{&quot;_animation&quot;:&quot;fadeInUp&quot;,&quot;_animation_delay&quot;:200,&quot;architecturer_ext_is_mobile_menu&quot;:&quot;false&quot;,&quot;architecturer_ext_is_scrollme&quot;:&quot;false&quot;,&quot;architecturer_ext_is_smoove&quot;:&quot;false&quot;,&quot;architecturer_ext_is_parallax_mouse&quot;:&quot;false&quot;,&quot;architecturer_ext_is_infinite&quot;:&quot;false&quot;,&quot;architecturer_ext_is_fadeout_animation&quot;:&quot;false&quot;}\" data-widget_type=\"heading.default\">\n\t\t\t\t<div class=\"elementor-widget-container\">\n\t\t\t<h2 class=\"elementor-heading-title elementor-size-default\">Architecture int\u00e9rieure, D\u00e9coration et R\u00e9novation \u00e0 Rouen<\/h2>\t\t<\/div>\n\t\t\t\t<\/div>\n\t\t\t\t<div class=\"elementor-element elementor-element-814c075 animated-fast elementor-invisible elementor-widget elementor-widget-architecturer-portfolio-masonry\" data-id=\"814c075\" data-element_type=\"widget\" data-settings=\"{&quot;_animation&quot;:&quot;fadeIn&quot;,&quot;_animation_delay&quot;:400,&quot;architecturer_ext_is_mobile_menu&quot;:&quot;false&quot;,&quot;architecturer_ext_is_scrollme&quot;:&quot;false&quot;,&quot;architecturer_ext_is_smoove&quot;:&quot;false&quot;,&quot;architecturer_ext_is_parallax_mouse&quot;:&quot;false&quot;,&quot;architecturer_ext_is_infinite&quot;:&quot;false&quot;,&quot;architecturer_ext_is_fadeout_animation&quot;:&quot;false&quot;}\" data-widget_type=\"architecturer-portfolio-masonry.default\">\n\t\t\t\t<div class=\"elementor-widget-container\">\n\t\t\t<div class=\"portfolio_masonry_container\">\n<div class=\"portfolio_masonry_content_wrapper gallery_grid_content_wrapper do_masonry portfolio_masonry layout_tg_two_cols\" data-cols=\"2\">\n\t\t<div class=\"portfolio_masonry_grid_wrapper gallery_grid_item tg_two_cols   portfolio-1 tile scale-anm  all no_filter\" >\n\t\t\t<div class=\"portfolio_masonry_img\">\n\t\t\t\t<img src=\"https:\/\/atelier-dinanderie.com\/wp-content\/uploads\/2019\/07\/06-7-768x509.jpg\" alt=\"\" \/>\n\t\t\t<\/div>\n\n\t\t\t<figcaption>\n\t\t\t\t<div class=\"border one\">\n\t\t\t      <div><\/div>\n\t\t\t    <\/div>\n\t\t\t    <div class=\"border two\">\n\t\t\t      <div><\/div>\n\t\t\t    <\/div>\n\t\t\t\t<div class=\"portfolio_masonry_content\">\n\t\t\t\t\t<h3>Agencement architectural<\/h3>\n\t\t\t\t\t<div class=\"portfolio_masonry_subtitle\">en savoir plus<\/div>\n\t\t\t\t<\/div>\n\t\t\t<\/figcaption><a rel=\"noopener noreferrer\" href=\"https:\/\/atelier-dinanderie.com\/index.php\/architecte-renovation-interieure-maison-appartement-normandie-rouen\/\"  ><\/a>\n\t\t<\/div>\n\t\t<div class=\"portfolio_masonry_grid_wrapper gallery_grid_item tg_two_cols last  portfolio-2 tile scale-anm  all no_filter\" >\n\t\t\t<div class=\"portfolio_masonry_img\">\n\t\t\t\t<img src=\"https:\/\/atelier-dinanderie.com\/wp-content\/uploads\/2019\/07\/page_accueil-768x434.jpg\" alt=\"\" \/>\n\t\t\t<\/div>\n\n\t\t\t<figcaption>\n\t\t\t\t<div class=\"border one\">\n\t\t\t      <div><\/div>\n\t\t\t    <\/div>\n\t\t\t    <div class=\"border two\">\n\t\t\t      <div><\/div>\n\t\t\t    <\/div>\n\t\t\t\t<div class=\"portfolio_masonry_content\">\n\t\t\t\t\t<h3>Conseils<\/h3>\n\t\t\t\t\t<div class=\"portfolio_masonry_subtitle\">en savoir plus<\/div>\n\t\t\t\t<\/div>\n\t\t\t<\/figcaption><a rel=\"noopener noreferrer\" href=\"https:\/\/atelier-dinanderie.com\/index.php\/architecte-conseils\/\"  ><\/a>\n\t\t<\/div>\n\t\t<div class=\"portfolio_masonry_grid_wrapper gallery_grid_item tg_two_cols   portfolio-3 tile scale-anm  all no_filter\" >\n\t\t\t<div class=\"portfolio_masonry_img\">\n\t\t\t\t<img src=\"https:\/\/atelier-dinanderie.com\/wp-content\/uploads\/2019\/07\/12-768x768.jpg\" alt=\"\" \/>\n\t\t\t<\/div>\n\n\t\t\t<figcaption>\n\t\t\t\t<div class=\"border one\">\n\t\t\t      <div><\/div>\n\t\t\t    <\/div>\n\t\t\t    <div class=\"border two\">\n\t\t\t      <div><\/div>\n\t\t\t    <\/div>\n\t\t\t\t<div class=\"portfolio_masonry_content\">\n\t\t\t\t\t<h3>Etudes et chiffrage<\/h3>\n\t\t\t\t\t<div class=\"portfolio_masonry_subtitle\">en savoir plus<\/div>\n\t\t\t\t<\/div>\n\t\t\t<\/figcaption><a rel=\"noopener noreferrer\" href=\"https:\/\/atelier-dinanderie.com\/index.php\/estimation-travaux-tarifs-renovation-maison-rouen-normandie\/\"  ><\/a>\n\t\t<\/div>\n\t\t<div class=\"portfolio_masonry_grid_wrapper gallery_grid_item tg_two_cols last  portfolio-4 tile scale-anm  all no_filter\" >\n\t\t\t<div class=\"portfolio_masonry_img\">\n\t\t\t\t<img src=\"https:\/\/atelier-dinanderie.com\/wp-content\/uploads\/2019\/07\/06-8-768x512.jpg\" alt=\"\" \/>\n\t\t\t<\/div>\n\n\t\t\t<figcaption>\n\t\t\t\t<div class=\"border one\">\n\t\t\t      <div><\/div>\n\t\t\t    <\/div>\n\t\t\t    <div class=\"border two\">\n\t\t\t      <div><\/div>\n\t\t\t    <\/div>\n\t\t\t\t<div class=\"portfolio_masonry_content\">\n\t\t\t\t\t<h3>Home-staging<\/h3>\n\t\t\t\t\t<div class=\"portfolio_masonry_subtitle\">en savoir plus<\/div>\n\t\t\t\t<\/div>\n\t\t\t<\/figcaption><a rel=\"noopener noreferrer\" href=\"https:\/\/atelier-dinanderie.com\/index.php\/conseils-home-staging-vendre-votre-maison-appartement-en-normandie-rouen\/\"  ><\/a>\n\t\t<\/div>\n\t\t<div class=\"portfolio_masonry_grid_wrapper gallery_grid_item tg_two_cols   portfolio-5 tile scale-anm  all no_filter\" >\n\t\t\t<div class=\"portfolio_masonry_img\">\n\t\t\t\t<img src=\"https:\/\/atelier-dinanderie.com\/wp-content\/uploads\/2019\/07\/02-768x512.jpg\" alt=\"\" \/>\n\t\t\t<\/div>\n\n\t\t\t<figcaption>\n\t\t\t\t<div class=\"border one\">\n\t\t\t      <div><\/div>\n\t\t\t    <\/div>\n\t\t\t    <div class=\"border two\">\n\t\t\t      <div><\/div>\n\t\t\t    <\/div>\n\t\t\t\t<div class=\"portfolio_masonry_content\">\n\t\t\t\t\t<h3>D\u00e9coration<\/h3>\n\t\t\t\t\t<div class=\"portfolio_masonry_subtitle\">en savoir plus<\/div>\n\t\t\t\t<\/div>\n\t\t\t<\/figcaption><a rel=\"noopener noreferrer\" href=\"https:\/\/atelier-dinanderie.com\/index.php\/decoration-interieure-conseils-deco-rouen-normandie\/\"  ><\/a>\n\t\t<\/div>\n\t\t<div class=\"portfolio_masonry_grid_wrapper gallery_grid_item tg_two_cols last  portfolio-6 tile scale-anm  all no_filter\" >\n\t\t\t<div class=\"portfolio_masonry_img\">\n\t\t\t\t<img src=\"https:\/\/atelier-dinanderie.com\/wp-content\/uploads\/2019\/07\/16-1-768x489.jpg\" alt=\"\" \/>\n\t\t\t<\/div>\n\n\t\t\t<figcaption>\n\t\t\t\t<div class=\"border one\">\n\t\t\t      <div><\/div>\n\t\t\t    <\/div>\n\t\t\t    <div class=\"border two\">\n\t\t\t      <div><\/div>\n\t\t\t    <\/div>\n\t\t\t\t<div class=\"portfolio_masonry_content\">\n\t\t\t\t\t<h3>Suivi de chantier<\/h3>\n\t\t\t\t\t<div class=\"portfolio_masonry_subtitle\">en savoir plus<\/div>\n\t\t\t\t<\/div>\n\t\t\t<\/figcaption><a rel=\"noopener noreferrer\" href=\"https:\/\/atelier-dinanderie.com\/index.php\/suivi-de-chantier-accompagnement-conseil-rouen-normandie\/\"  ><\/a>\n\t\t<\/div>\n\t\t<div class=\"portfolio_masonry_grid_wrapper gallery_grid_item tg_two_cols   portfolio-7 tile scale-anm  all no_filter\" >\n\t\t\t<div class=\"portfolio_masonry_img\">\n\t\t\t\t<img src=\"https:\/\/atelier-dinanderie.com\/wp-content\/uploads\/2019\/07\/04-1-768x853.jpg\" alt=\"\" \/>\n\t\t\t<\/div>\n\n\t\t\t<figcaption>\n\t\t\t\t<div class=\"border one\">\n\t\t\t      <div><\/div>\n\t\t\t    <\/div>\n\t\t\t    <div class=\"border two\">\n\t\t\t      <div><\/div>\n\t\t\t    <\/div>\n\t\t\t\t<div class=\"portfolio_masonry_content\">\n\t\t\t\t\t<h3>Diagnostic<\/h3>\n\t\t\t\t\t<div class=\"portfolio_masonry_subtitle\">en savoir plus<\/div>\n\t\t\t\t<\/div>\n\t\t\t<\/figcaption><a rel=\"noopener noreferrer\" href=\"https:\/\/atelier-dinanderie.com\/index.php\/diagnostic-avant-achat-maison-appartement-rouen-normandie\/\"  ><\/a>\n\t\t<\/div>\n<\/div>\n<\/div>\t\t<\/div>\n\t\t\t\t<\/div>\n\t\t\t\t\t\t<\/div>\n\t\t\t\t\t<\/div>\n\t\t<\/div>\n\t\t\t\t\t\t\t\t<\/div>\n\t\t\t\t\t<\/div>\n\t\t<\/section>\n\t\t\t\t\t\t\t\t\t<\/div>\n\t\t\t<\/div>\n\t\t\t\t\t<\/div>\n\t\t","protected":false},"excerpt":{"rendered":"<p>Vous accompagner Architecture int\u00e9rieure, D\u00e9coration et R\u00e9novation \u00e0 Rouen Agencement architectural en savoir plus Conseils en savoir plus Etudes et chiffrage en savoir plus Home-staging en savoir plus D\u00e9coration en savoir plus Suivi de chantier en savoir plus Diagnostic en [&hellip;]<\/p>\n","protected":false},"author":1,"featured_media":0,"parent":0,"menu_order":0,"comment_status":"closed","ping_status":"closed","template":"","meta":[],"yoast_head":"<!-- This site is optimized with the Yoast SEO plugin v19.5.1 - https:\/\/yoast.com\/wordpress\/plugins\/seo\/ -->\n<title>Votre architecte d&#039;int\u00e9rieur \u00e0 Rouen pour une d\u00e9coration sur mesure<\/title>\n<meta name=\"description\" content=\"Entreprise d\u2019architecture int\u00e9rieure, travaux de r\u00e9novation, conseils d\u00e9coration, r\u00e9alisation de plans, suivi de chantier, relooking | Atelier Dinanderie\" \/>\n<meta name=\"robots\" content=\"index, follow, max-snippet:-1, max-image-preview:large, max-video-preview:-1\" \/>\n<link rel=\"canonical\" href=\"https:\/\/atelier-dinanderie.com\/index.php\/architecte-interieur-rouen-cabinet-architecture-interieure-normandie\/\" \/>\n<meta property=\"og:locale\" content=\"fr_FR\" \/>\n<meta property=\"og:type\" content=\"article\" \/>\n<meta property=\"og:title\" content=\"Votre architecte d&#039;int\u00e9rieur \u00e0 Rouen pour une d\u00e9coration sur mesure\" \/>\n<meta property=\"og:description\" content=\"Entreprise d\u2019architecture int\u00e9rieure, travaux de r\u00e9novation, conseils d\u00e9coration, r\u00e9alisation de plans, suivi de chantier, relooking | Atelier Dinanderie\" \/>\n<meta property=\"og:url\" content=\"https:\/\/atelier-dinanderie.com\/index.php\/architecte-interieur-rouen-cabinet-architecture-interieure-normandie\/\" \/>\n<meta property=\"og:site_name\" content=\"Architecture int\u00e9rieure, d\u00e9coration et r\u00e9novation \u00e0 Rouen en Normandie (76) Atelier Dinanderie - Anissa B. Artiste, Architecte et D\u00e9coratrice\" \/>\n<meta property=\"article:modified_time\" content=\"2019-10-04T17:01:55+00:00\" \/>\n<meta property=\"og:image\" content=\"https:\/\/atelier-dinanderie.com\/wp-content\/uploads\/2019\/07\/06-7-768x509.jpg\" \/>\n<meta name=\"twitter:card\" content=\"summary_large_image\" \/>\n<script type=\"application\/ld+json\" class=\"yoast-schema-graph\">{\"@context\":\"https:\/\/schema.org\",\"@graph\":[{\"@type\":\"WebPage\",\"@id\":\"https:\/\/atelier-dinanderie.com\/index.php\/architecte-interieur-rouen-cabinet-architecture-interieure-normandie\/\",\"url\":\"https:\/\/atelier-dinanderie.com\/index.php\/architecte-interieur-rouen-cabinet-architecture-interieure-normandie\/\",\"name\":\"Votre architecte d'int\u00e9rieur \u00e0 Rouen pour une d\u00e9coration sur mesure\",\"isPartOf\":{\"@id\":\"https:\/\/atelier-dinanderie.com\/#website\"},\"datePublished\":\"2019-06-08T07:33:09+00:00\",\"dateModified\":\"2019-10-04T17:01:55+00:00\",\"description\":\"Entreprise d\u2019architecture int\u00e9rieure, travaux de r\u00e9novation, conseils d\u00e9coration, r\u00e9alisation de plans, suivi de chantier, relooking | Atelier Dinanderie\",\"breadcrumb\":{\"@id\":\"https:\/\/atelier-dinanderie.com\/index.php\/architecte-interieur-rouen-cabinet-architecture-interieure-normandie\/#breadcrumb\"},\"inLanguage\":\"fr-FR\",\"potentialAction\":[{\"@type\":\"ReadAction\",\"target\":[\"https:\/\/atelier-dinanderie.com\/index.php\/architecte-interieur-rouen-cabinet-architecture-interieure-normandie\/\"]}]},{\"@type\":\"BreadcrumbList\",\"@id\":\"https:\/\/atelier-dinanderie.com\/index.php\/architecte-interieur-rouen-cabinet-architecture-interieure-normandie\/#breadcrumb\",\"itemListElement\":[{\"@type\":\"ListItem\",\"position\":1,\"name\":\"Accueil\",\"item\":\"https:\/\/atelier-dinanderie.com\/\"},{\"@type\":\"ListItem\",\"position\":2,\"name\":\"Architecture\"}]},{\"@type\":\"WebSite\",\"@id\":\"https:\/\/atelier-dinanderie.com\/#website\",\"url\":\"https:\/\/atelier-dinanderie.com\/\",\"name\":\"Architecture int\u00e9rieure, d\u00e9coration et r\u00e9novation \u00e0 Rouen en Normandie (76) Atelier Dinanderie - Anissa B. Artiste, Architecte et D\u00e9coratrice\",\"description\":\"Atelier Dinanderie \u00e0 Rouen (76), votre architecte d\u2019int\u00e9rieur pour une d\u00e9coration contemporaine ou classique, sp\u00e9cialiste des travaux de r\u00e9novation d\u2019int\u00e9rieur, am\u00e9nagement int\u00e9rieur, agencement de votre espace de vie (maison ou appartement) en Normandie, Seine-Maritime.\",\"publisher\":{\"@id\":\"https:\/\/atelier-dinanderie.com\/#organization\"},\"potentialAction\":[{\"@type\":\"SearchAction\",\"target\":{\"@type\":\"EntryPoint\",\"urlTemplate\":\"https:\/\/atelier-dinanderie.com\/?s={search_term_string}\"},\"query-input\":\"required name=search_term_string\"}],\"inLanguage\":\"fr-FR\"},{\"@type\":\"Organization\",\"@id\":\"https:\/\/atelier-dinanderie.com\/#organization\",\"name\":\"Atelier Dinanderie - Architecte d'int\u00e9rieur\",\"url\":\"https:\/\/atelier-dinanderie.com\/\",\"sameAs\":[],\"logo\":{\"@type\":\"ImageObject\",\"inLanguage\":\"fr-FR\",\"@id\":\"https:\/\/atelier-dinanderie.com\/#\/schema\/logo\/image\/\",\"url\":\"https:\/\/atelier-dinanderie.com\/wp-content\/uploads\/2019\/09\/Atelier-Dinanderie_Architecture_Interieure.jpg\",\"contentUrl\":\"https:\/\/atelier-dinanderie.com\/wp-content\/uploads\/2019\/09\/Atelier-Dinanderie_Architecture_Interieure.jpg\",\"width\":346,\"height\":74,\"caption\":\"Atelier Dinanderie - Architecte d'int\u00e9rieur\"},\"image\":{\"@id\":\"https:\/\/atelier-dinanderie.com\/#\/schema\/logo\/image\/\"}}]}<\/script>\n<!-- \/ Yoast SEO plugin. -->","yoast_head_json":{"title":"Votre architecte d'int\u00e9rieur \u00e0 Rouen pour une d\u00e9coration sur mesure","description":"Entreprise d\u2019architecture int\u00e9rieure, travaux de r\u00e9novation, conseils d\u00e9coration, r\u00e9alisation de plans, suivi de chantier, relooking | Atelier Dinanderie","robots":{"index":"index","follow":"follow","max-snippet":"max-snippet:-1","max-image-preview":"max-image-preview:large","max-video-preview":"max-video-preview:-1"},"canonical":"https:\/\/atelier-dinanderie.com\/index.php\/architecte-interieur-rouen-cabinet-architecture-interieure-normandie\/","og_locale":"fr_FR","og_type":"article","og_title":"Votre architecte d'int\u00e9rieur \u00e0 Rouen pour une d\u00e9coration sur mesure","og_description":"Entreprise d\u2019architecture int\u00e9rieure, travaux de r\u00e9novation, conseils d\u00e9coration, r\u00e9alisation de plans, suivi de chantier, relooking | Atelier Dinanderie","og_url":"https:\/\/atelier-dinanderie.com\/index.php\/architecte-interieur-rouen-cabinet-architecture-interieure-normandie\/","og_site_name":"Architecture int\u00e9rieure, d\u00e9coration et r\u00e9novation \u00e0 Rouen en Normandie (76) Atelier Dinanderie - Anissa B. Artiste, Architecte et D\u00e9coratrice","article_modified_time":"2019-10-04T17:01:55+00:00","og_image":[{"url":"https:\/\/atelier-dinanderie.com\/wp-content\/uploads\/2019\/07\/06-7-768x509.jpg"}],"twitter_card":"summary_large_image","schema":{"@context":"https:\/\/schema.org","@graph":[{"@type":"WebPage","@id":"https:\/\/atelier-dinanderie.com\/index.php\/architecte-interieur-rouen-cabinet-architecture-interieure-normandie\/","url":"https:\/\/atelier-dinanderie.com\/index.php\/architecte-interieur-rouen-cabinet-architecture-interieure-normandie\/","name":"Votre architecte d'int\u00e9rieur \u00e0 Rouen pour une d\u00e9coration sur mesure","isPartOf":{"@id":"https:\/\/atelier-dinanderie.com\/#website"},"datePublished":"2019-06-08T07:33:09+00:00","dateModified":"2019-10-04T17:01:55+00:00","description":"Entreprise d\u2019architecture int\u00e9rieure, travaux de r\u00e9novation, conseils d\u00e9coration, r\u00e9alisation de plans, suivi de chantier, relooking | Atelier Dinanderie","breadcrumb":{"@id":"https:\/\/atelier-dinanderie.com\/index.php\/architecte-interieur-rouen-cabinet-architecture-interieure-normandie\/#breadcrumb"},"inLanguage":"fr-FR","potentialAction":[{"@type":"ReadAction","target":["https:\/\/atelier-dinanderie.com\/index.php\/architecte-interieur-rouen-cabinet-architecture-interieure-normandie\/"]}]},{"@type":"BreadcrumbList","@id":"https:\/\/atelier-dinanderie.com\/index.php\/architecte-interieur-rouen-cabinet-architecture-interieure-normandie\/#breadcrumb","itemListElement":[{"@type":"ListItem","position":1,"name":"Accueil","item":"https:\/\/atelier-dinanderie.com\/"},{"@type":"ListItem","position":2,"name":"Architecture"}]},{"@type":"WebSite","@id":"https:\/\/atelier-dinanderie.com\/#website","url":"https:\/\/atelier-dinanderie.com\/","name":"Architecture int\u00e9rieure, d\u00e9coration et r\u00e9novation \u00e0 Rouen en Normandie (76) Atelier Dinanderie - Anissa B. Artiste, Architecte et D\u00e9coratrice","description":"Atelier Dinanderie \u00e0 Rouen (76), votre architecte d\u2019int\u00e9rieur pour une d\u00e9coration contemporaine ou classique, sp\u00e9cialiste des travaux de r\u00e9novation d\u2019int\u00e9rieur, am\u00e9nagement int\u00e9rieur, agencement de votre espace de vie (maison ou appartement) en Normandie, Seine-Maritime.","publisher":{"@id":"https:\/\/atelier-dinanderie.com\/#organization"},"potentialAction":[{"@type":"SearchAction","target":{"@type":"EntryPoint","urlTemplate":"https:\/\/atelier-dinanderie.com\/?s={search_term_string}"},"query-input":"required name=search_term_string"}],"inLanguage":"fr-FR"},{"@type":"Organization","@id":"https:\/\/atelier-dinanderie.com\/#organization","name":"Atelier Dinanderie - Architecte d'int\u00e9rieur","url":"https:\/\/atelier-dinanderie.com\/","sameAs":[],"logo":{"@type":"ImageObject","inLanguage":"fr-FR","@id":"https:\/\/atelier-dinanderie.com\/#\/schema\/logo\/image\/","url":"https:\/\/atelier-dinanderie.com\/wp-content\/uploads\/2019\/09\/Atelier-Dinanderie_Architecture_Interieure.jpg","contentUrl":"https:\/\/atelier-dinanderie.com\/wp-content\/uploads\/2019\/09\/Atelier-Dinanderie_Architecture_Interieure.jpg","width":346,"height":74,"caption":"Atelier Dinanderie - Architecte d'int\u00e9rieur"},"image":{"@id":"https:\/\/atelier-dinanderie.com\/#\/schema\/logo\/image\/"}}]}},"_links":{"self":[{"href":"https:\/\/atelier-dinanderie.com\/index.php\/wp-json\/wp\/v2\/pages\/3058"}],"collection":[{"href":"https:\/\/atelier-dinanderie.com\/index.php\/wp-json\/wp\/v2\/pages"}],"about":[{"href":"https:\/\/atelier-dinanderie.com\/index.php\/wp-json\/wp\/v2\/types\/page"}],"author":[{"embeddable":true,"href":"https:\/\/atelier-dinanderie.com\/index.php\/wp-json\/wp\/v2\/users\/1"}],"replies":[{"embeddable":true,"href":"https:\/\/atelier-dinanderie.com\/index.php\/wp-json\/wp\/v2\/comments?post=3058"}],"version-history":[{"count":0,"href":"https:\/\/atelier-dinanderie.com\/index.php\/wp-json\/wp\/v2\/pages\/3058\/revisions"}],"wp:attachment":[{"href":"https:\/\/atelier-dinanderie.com\/index.php\/wp-json\/wp\/v2\/media?parent=3058"}],"curies":[{"name":"wp","href":"https:\/\/api.w.org\/{rel}","templated":true}]}}